{"id":940,"date":"2023-01-19T10:26:14","date_gmt":"2023-01-19T09:26:14","guid":{"rendered":"https:\/\/sales.widewings.eu\/?page_id=940"},"modified":"2023-04-14T16:03:03","modified_gmt":"2023-04-14T15:03:03","slug":"rekvizitai","status":"publish","type":"page","link":"https:\/\/sales.widewings.eu\/ru\/rekvizitai\/","title":{"rendered":"\u0420\u0435\u043a\u0432\u0438\u0437\u0438\u0442\u044b \u0434\u043b\u044f"},"content":{"rendered":"<p>UAB \"\u0428\u0418\u0420\u041e\u041a\u0418\u0415 \u041a\u0420\u042b\u041b\u042c\u042f\"<br \/>\n\u041a\u043e\u0434 \u043a\u043e\u043c\u043f\u0430\u043d\u0438\u0438: 302988072<br \/>\n\u041a\u043e\u0434 \u041d\u0414\u0421: LT100007528417<br \/>\n\u0410\u0434\u0440\u0435\u0441: \u0412\u0438\u043b\u044c\u043d\u044e\u0441, \u0443\u043b. \u0420\u0430\u043c\u0443\u043d\u044e, 34<br \/>\n\u0410\/\u0441 LT81 7290 0000 1346 7112<br \/>\nAB \"Citadele\" \u0431\u0430\u043d\u043a<\/p>","protected":false},"excerpt":{"rendered":"<p>UAB \"WIDE WINGS\" \u012emon\u0117s kodas: 302988072 PVM kodas: LT100007528417 Adresas: Ramuni\u0173 g. 34, Vilnius A\/s LT81 7290 0000 1346 7112 AB \u201eCitadele\" bankas<\/p>","protected":false},"author":1,"featured_media":0,"parent":0,"menu_order":0,"comment_status":"closed","ping_status":"closed","template":"","meta":{"_glsr_average":0,"_glsr_ranking":0,"_glsr_reviews":0},"acf":[],"_links":{"self":[{"href":"https:\/\/sales.widewings.eu\/ru\/wp-json\/wp\/v2\/pages\/940"}],"collection":[{"href":"https:\/\/sales.widewings.eu\/ru\/wp-json\/wp\/v2\/pages"}],"about":[{"href":"https:\/\/sales.widewings.eu\/ru\/wp-json\/wp\/v2\/types\/page"}],"author":[{"embeddable":true,"href":"https:\/\/sales.widewings.eu\/ru\/wp-json\/wp\/v2\/users\/1"}],"replies":[{"embeddable":true,"href":"https:\/\/sales.widewings.eu\/ru\/wp-json\/wp\/v2\/comments?post=940"}],"version-history":[{"count":4,"href":"https:\/\/sales.widewings.eu\/ru\/wp-json\/wp\/v2\/pages\/940\/revisions"}],"predecessor-version":[{"id":1437,"href":"https:\/\/sales.widewings.eu\/ru\/wp-json\/wp\/v2\/pages\/940\/revisions\/1437"}],"wp:attachment":[{"href":"https:\/\/sales.widewings.eu\/ru\/wp-json\/wp\/v2\/media?parent=940"}],"curies":[{"name":"wp","href":"https:\/\/api.w.org\/{rel}","templated":true}]}}