{"id":1444,"date":"2023-05-29T12:07:46","date_gmt":"2023-05-29T11:07:46","guid":{"rendered":"https:\/\/sales.widewings.eu\/?page_id=1444"},"modified":"2023-05-29T12:16:15","modified_gmt":"2023-05-29T11:16:15","slug":"es-investicijos","status":"publish","type":"page","link":"https:\/\/sales.widewings.eu\/en\/es-investicijos\/","title":{"rendered":"ES investicijos"},"content":{"rendered":"<h1>\u201eE-komercijos modelio diegimas UAB Wide Wings\u201c<\/h1>\n<p>UAB \u201eWide Wings\u201c prad\u0117jo \u012fgyvendinti i\u0161 Europos regionin\u0117s pl\u0117tros fondo l\u0117\u0161\u0173 finansuojam\u0105 projekt\u0105 \u201eE-komercijos modelio diegimas UAB Wide Wings\u201c, Nr. 13.1.1-LVPA-K-860-01-0804.<\/p>\n<p><strong>Projekto biud\u017eetas:<\/strong> 66.677,84 Eur, i\u0161 j\u0173 ES dalis: 50.000,00 Eur. Finansuojama i\u0161 Europos regionin\u0117s pl\u0117tros fondo, kaip Europos S\u0105jungos atsako \u012f COVID-19 pandemij\u0105 priemon\u0117.<br \/>\nVeikl\u0173 \u012fgyvendinimo prad\u017eia: 2022 m. kovo 18 d.<\/p>\n<p><strong>Numatoma veikl\u0173 \u012fgyvendinimo pabaiga:<\/strong> 2023 m. kovo 16 d.<\/p>\n<p><strong>Projekto tikslas<\/strong> \u2013 Diegti informacines technologijas verslo sandoriams valdyti elektroniniu b\u016bdu \u012fmon\u0117je, siekiant padidinti pajam\u0173 augim\u0105.<\/p>\n<p><strong>Projekto u\u017edavinys<\/strong> - Diegti e. komercijos model\u012f \u012fmon\u0117je, siekiant padidinti pajam\u0173 augim\u0105.<\/p>\n<p>UAB \u201eWide Wings\u201c \u2013 beveik 9 metus veikianti k\u016brybos \u012fmon\u0117, u\u017esiimanti auk\u0161tos kokyb\u0117s vaizdini\u0173 istorij\u0173 k\u016brimu. \u012emon\u0117, pajutusi pandemijos sukeltus padarinius planuoja kurti ir diegti nauj\u0105 elektronin\u0119 parduotuv\u0119, su tikslu ateityje i\u0161vengti galim\u0173 veiklos stabdym\u0173, ry\u0161ki\u0173 pajam\u0173 kritim\u0173, pritraukti kuo daugiau klient\u0173 bei u\u017etikrinti skland\u017ei\u0105 komunikacij\u0105 su jais. Dabartin\u0117 \u012fmon\u0117s svetain\u0117 yra technologi\u0161kai pasenusi ir neatitinka tikslini\u0173 grupi\u0173 poreiki\u0173 ir l\u016bkes\u010di\u0173.<br \/>\nProjekto metu bus diegiami e-komercijos sprendimai \u2013 e-parduotuv\u0117 \u2013 pad\u0117sianti UAB \u201eWide Wings\u201c atitikti klient\u0173 poreikius, u\u017etikrinti skland\u017ei\u0105 komunikacij\u0105 su klientais, paprastinti klient\u0173 savitarn\u0105, pl\u0117sti klient\u0173 rat\u0105 Lietuvoje ir u\u017esienyje ir skland\u017eiai pl\u0117toti versl\u0105 internetin\u0117se platformose.<\/p>","protected":false},"excerpt":{"rendered":"<p>\u201eE-komercijos modelio diegimas UAB Wide Wings\u201c UAB \u201eWide Wings\u201c prad\u0117jo \u012fgyvendinti i\u0161 Europos regionin\u0117s pl\u0117tros fondo l\u0117\u0161\u0173 finansuojam\u0105 projekt\u0105 \u201eE-komercijos modelio diegimas UAB Wide Wings\u201c, Nr. 13.1.1-LVPA-K-860-01-0804. Projekto biud\u017eetas: 66.677,84 Eur, i\u0161 j\u0173 ES dalis: 50.000,00 Eur. Finansuojama i\u0161 Europos regionin\u0117s pl\u0117tros fondo, kaip Europos S\u0105jungos atsako \u012f COVID-19 pandemij\u0105 priemon\u0117. Veikl\u0173 \u012fgyvendinimo prad\u017eia: 2022 [&hellip;]<\/p>","protected":false},"author":1,"featured_media":1449,"parent":0,"menu_order":0,"comment_status":"closed","ping_status":"closed","template":"","meta":{"_glsr_average":0,"_glsr_ranking":0,"_glsr_reviews":0},"acf":[],"_links":{"self":[{"href":"https:\/\/sales.widewings.eu\/en\/wp-json\/wp\/v2\/pages\/1444"}],"collection":[{"href":"https:\/\/sales.widewings.eu\/en\/wp-json\/wp\/v2\/pages"}],"about":[{"href":"https:\/\/sales.widewings.eu\/en\/wp-json\/wp\/v2\/types\/page"}],"author":[{"embeddable":true,"href":"https:\/\/sales.widewings.eu\/en\/wp-json\/wp\/v2\/users\/1"}],"replies":[{"embeddable":true,"href":"https:\/\/sales.widewings.eu\/en\/wp-json\/wp\/v2\/comments?post=1444"}],"version-history":[{"count":5,"href":"https:\/\/sales.widewings.eu\/en\/wp-json\/wp\/v2\/pages\/1444\/revisions"}],"predecessor-version":[{"id":1450,"href":"https:\/\/sales.widewings.eu\/en\/wp-json\/wp\/v2\/pages\/1444\/revisions\/1450"}],"wp:featuredmedia":[{"embeddable":true,"href":"https:\/\/sales.widewings.eu\/en\/wp-json\/wp\/v2\/media\/1449"}],"wp:attachment":[{"href":"https:\/\/sales.widewings.eu\/en\/wp-json\/wp\/v2\/media?parent=1444"}],"curies":[{"name":"wp","href":"https:\/\/api.w.org\/{rel}","templated":true}]}}